{"id":2120,"date":"2020-05-30T10:06:23","date_gmt":"2020-05-30T10:06:23","guid":{"rendered":"https:\/\/www.geniuscript.com\/serity-wp\/?page_id=2120"},"modified":"2023-10-25T11:32:14","modified_gmt":"2023-10-25T15:32:14","slug":"nosotros","status":"publish","type":"page","link":"https:\/\/vimansa.com.do\/index.php\/nosotros\/","title":{"rendered":"Nosotros"},"content":{"rendered":"\t\t<div data-elementor-type=\"wp-page\" data-elementor-id=\"2120\" class=\"elementor elementor-2120\">\n\t\t\t\t\t\t\t\t\t<section class=\"elementor-section elementor-top-section elementor-element elementor-element-daf62f4 elementor-section-boxed elementor-section-height-default elementor-section-height-default\" data-id=\"daf62f4\" data-element_type=\"section\">\n\t\t\t\t\t\t<div class=\"elementor-container elementor-column-gap-no\">\n\t\t\t\t\t<div class=\"elementor-column elementor-col-100 elementor-top-column elementor-element elementor-element-377a9d3\" data-id=\"377a9d3\" data-element_type=\"column\">\n\t\t\t<div class=\"elementor-widget-wrap elementor-element-populated\">\n\t\t\t\t\t\t\t\t<div class=\"elementor-element elementor-element-db0b126 elementor-widget elementor-widget-serity-about\" data-id=\"db0b126\" data-element_type=\"widget\" data-widget_type=\"serity-about.default\">\n\t\t\t\t<div class=\"elementor-widget-container\">\n\t\t\t\t\t\t<section class=\"abt-block\">\n\t\t\t\t<div class=\"container\">\n\t\t\t\t\t<div class=\"about-section\">\n\t\t\t\t\t\t<div class=\"row\">\n\t\t\t\t\t\t\t<div class=\"col-lg-6\">\n\t\t\t\t\t\t\t\t\t\t\t<div class=\"about-img\">\n\t\t\t\t<img loading=\"lazy\" width=\"479\" height=\"678\" src=\"https:\/\/vimansa.com.do\/wp-content\/uploads\/2020\/06\/about-img.jpg\" class=\"attachment-full size-full\" alt=\"\" decoding=\"async\" srcset=\"https:\/\/vimansa.com.do\/wp-content\/uploads\/2020\/06\/about-img.jpg 479w, https:\/\/vimansa.com.do\/wp-content\/uploads\/2020\/06\/about-img-212x300.jpg 212w, https:\/\/vimansa.com.do\/wp-content\/uploads\/2020\/06\/about-img-77x110.jpg 77w\" sizes=\"(max-width: 479px) 100vw, 479px\" \/>\t\t\t\t\t\t\t\t\t<a class=\"lnk-default\" href=\"https:\/\/vimansa.com.do\/index.php\/nosotros\/\">M\u00e1s informaci\u00f3n<\/a>\n\t\t\t\t\t\t\t\t<a href=\"https:\/\/www.instagram.com\/reel\/CpVoKUqD64a\/?hl=es\" class=\"play-btn html5lightbox\"><i class=\"fa fa-play\"><\/i><\/a>\n\t\t\t\t\t\t\t\t\t<div class=\"abt-thumb\">\n\t\t\t\t\t\t<img loading=\"lazy\" width=\"166\" height=\"166\" src=\"https:\/\/vimansa.com.do\/wp-content\/uploads\/2020\/06\/abt-thumb.png\" class=\"attachment-full size-full\" alt=\"\" decoding=\"async\" srcset=\"https:\/\/vimansa.com.do\/wp-content\/uploads\/2020\/06\/abt-thumb.png 166w, https:\/\/vimansa.com.do\/wp-content\/uploads\/2020\/06\/abt-thumb-150x150.png 150w, https:\/\/vimansa.com.do\/wp-content\/uploads\/2020\/06\/abt-thumb-100x100.png 100w, https:\/\/vimansa.com.do\/wp-content\/uploads\/2020\/06\/abt-thumb-130x130.png 130w, https:\/\/vimansa.com.do\/wp-content\/uploads\/2020\/06\/abt-thumb-108x108.png 108w, https:\/\/vimansa.com.do\/wp-content\/uploads\/2020\/06\/abt-thumb-70x70.png 70w\" sizes=\"(max-width: 166px) 100vw, 166px\" \/>\t\t\t\t\t<\/div><!--abt-thumb end-->\n\t\t\t\t\t\t\t<\/div><!--about-img end-->\n\t\t\t\t\t\t\t\t\t<\/div>\n\t\t\t\t\t\t\t<div class=\"col-lg-6\">\n\t\t\t\t\t\t\t\t\t\t\t<div class=\"about-text\">\n\t\t\t\t\t\t\t\t\t<span >sobre nosotros<\/span>\n\t\t\t\t\t\t\t\t\t\t\t\t\t<h2 >Descubre qui\u00e9nes somos y qu\u00e9 nos motiva a hacer la diferencia en el mundo<\/h2>\n\t\t\t\t\t\t\t\t\t\t\t\t\t<div class=\"about-content\"><p>En Vimansa, nos dedicamos a brindar soluciones integrales en seguridad,<br \/>imformatica y automatizaci\u00f3n para tu hogar o empresa, no solo ofrecemos<br \/>productos y servicios,<br \/>sino que nos comprometemos a proporcionar soluciones.<\/p>\n<\/div>\n\t\t\t\t\t\t\t\t\t\t\t\t\t<ul class=\"abt-list\">\n\t\t\t\t\t\t<li><span><span class=\"checkbox-rectangle\"><i class=\"fas fa-check\"><\/i><\/span> Servicio de CCTV<\/span><\/li><li><span><span class=\"checkbox-rectangle\"><i class=\"fas fa-check\"><\/i><\/span> Motores de Corredera Para Puertas<\/span><\/li><li><span><span class=\"checkbox-rectangle\"><i class=\"fas fa-check\"><\/i><\/span> Instalacion de Redes Informaticas<\/span><\/li><li><span><span class=\"checkbox-rectangle\"><i class=\"fas fa-check\"><\/i><\/span> Alarmas De Seguridad<\/span><\/li>\t\t\t\t\t<\/ul>\n\t\t\t\t\n\t\t\t\t\t\t\t\t\t<div class=\"abt-box\">\n\t\t\t\t\t\t<div class=\"abt-icon\">\n\t\t\t\t\t\t\t\t\t\t\t\t\t\t\t<i class=\"fas fa-users\"><\/i>\n\t\t\t\t\t\t\t\t\t\t\t\t\t<\/div>\n\t\t\t\t\t\t<div class=\"abt-content\">\n\t\t\t\t\t\t\t<h3 class=\"title\"><span >10 a\u00f1os de experiencia<\/span><\/h3>\n\t\t\t\t\t\t\t<div class=\"text\"><span >La experiencia y la fiabilidad son las caracter\u00edsticas que nos definen ante nuestros clientes<\/span><\/div>\n\t\t\t\t\t\t<\/div>\n\t\t\t\t\t<\/div>\n\t\t\t\t\n\t\t\t\t\t\t\t\t\t<div class=\"abt-contact\">\n\t\t\t\t\t\t<div class=\"abtc-icon\">\n\t\t\t\t\t\t\t\t\t\t\t\t\t\t\t<img decoding=\"async\" src=\"https:\/\/vimansa.com.do\/wp-content\/plugins\/serity-core\/assets\/img\/abt-contact.png\">\n\t\t\t\t\t\t\t\t\t\t\t\t\t<\/div>\n\t\t\t\t\t\t<div class=\"abtc-content\">\n\t\t\t\t\t\t\t<h3 class=\"title\"><span >Victor Martinez<\/span><\/h3>\n\t\t\t\t\t\t\t\t\t\t\t\t\t\t\t<div class=\"text\"><a href=\"tel:+18293021771\" >+1-829-302-1771<\/a><\/div>\n\t\t\t\t\t\t\t\t\t\t\t\t\t<\/div>\n\t\t\t\t\t\t<div class=\"abtc-icon\">\n\t\t\t\t\t\t\t<a class=\"call-icon\" href=\"tel:+18293021771\">\n\t\t\t\t\t\t\t\t<i class=\"fas fa-phone-alt\"><\/i>\n\t\t\t\t\t\t\t<\/a>\n\t\t\t\t\t\t<\/div>\n\t\t\t\t\t<\/div>\n\t\t\t\t\t\t\n\t\t\t<\/div><!--about-text end-->\n\t\t\t\t\t\t\t\t\t<\/div>\n\t\t\t\t\t\t<\/div>\n\t\t\t\t\t<\/div><!--about-section end-->\n\t\t\t\t<\/div>\n\t\t\t<\/section><!--block end-->\n\t\t\t\t<\/div>\n\t\t\t\t<\/div>\n\t\t\t\t\t<\/div>\n\t\t<\/div>\n\t\t\t\t\t\t\t<\/div>\n\t\t<\/section>\n\t\t\t\t<section class=\"elementor-section elementor-top-section elementor-element elementor-element-7666e35 elementor-section-stretched elementor-section-full_width elementor-section-height-default elementor-section-height-default\" data-id=\"7666e35\" data-element_type=\"section\" data-settings=\"{&quot;stretch_section&quot;:&quot;section-stretched&quot;}\">\n\t\t\t\t\t\t<div class=\"elementor-container elementor-column-gap-no\">\n\t\t\t\t\t<div class=\"elementor-column elementor-col-100 elementor-top-column elementor-element elementor-element-cc2bbf5\" data-id=\"cc2bbf5\" data-element_type=\"column\">\n\t\t\t<div class=\"elementor-widget-wrap elementor-element-populated\">\n\t\t\t\t\t\t\t\t<div class=\"elementor-element elementor-element-762da6e4 elementor-widget elementor-widget-serity-fun-facts\" data-id=\"762da6e4\" data-element_type=\"widget\" data-widget_type=\"serity-fun-facts.default\">\n\t\t\t\t<div class=\"elementor-widget-container\">\n\t\t\t\r\n\t\t<section class=\"counter-section\">\r\n\t\t\t<div class=\"counter-sec\">\r\n\t\t\t\t<div class=\"rect\"><\/div>\r\n\t\t\t\t<div class=\"row counter-row\">\r\n\t\t            \t\t            \t\t<div class=\"col-lg-3 col-md-6 col-sm-6 col-6 full_wdth\">\r\n\t\t\t\t\t\t\t\t<div class=\"counter-dv \">\r\n\t\t\t\t\t\t\t\t\t\t\t\t\t\t\t\t\t\t\t<div class=\"ico font\">\r\n\t\t\t\t\t\t\t\t\t\t\t\t\t\t\t\t\t\t\t\t\t<i class=\"fas fa-home\"><\/i>\r\n\t\t\t\t\t\t\t\t\t\t\t\t\t\t\t\t\t\t\t\t<\/div>\r\n\t\t\t\t\t\t\t\t\t\t\t\t\t\t\t\t\t\t<div class=\"counter-info\">\r\n\t\t\t\t\t\t\t\t\t\t<div class=\"counter-item\">\r\n\t\t\t\t\t\t\t\t\t\t\t\t\t\t\t\t\t\t\t\t\t\t\t<h2 class=\"counter\" >150<\/h2>\r\n\t\t\t\t\t\t\t\t\t\t\t\t\t\t\t\t\t\t\t\t\t\t\t\t\t\t\t\t\t\t\t\t\t\t<span>+<\/span>\r\n\t\t\t\t\t\t\t\t\t\t\t\t\t\t\t\t\t\t\t\t\t<\/div>\r\n\t\t\t\t\t\t\t\t\t\t\t\t\t\t\t\t\t\t\t\t\t<span >Residencias<\/span>\r\n\t\t\t\t\t\t\t\t\t\t\t\t\t\t\t\t\t\t\t<\/div>\r\n\t\t\t\t\t\t\t\t\t<a href=\"\" class=\"complete_link\"><\/a>\r\n\t\t\t\t\t\t\t\t<\/div><!--counter-dv end-->\r\n\t\t\t\t\t\t\t<\/div>\r\n\t\t            \t\t\t            \t\t<div class=\"col-lg-3 col-md-6 col-sm-6 col-6 full_wdth\">\r\n\t\t\t\t\t\t\t\t<div class=\"counter-dv  featured \">\r\n\t\t\t\t\t\t\t\t\t\t\t\t\t\t\t\t\t\t\t<div class=\"ico font\">\r\n\t\t\t\t\t\t\t\t\t\t\t\t\t\t\t\t\t\t\t\t\t<i class=\"fas fa-city\"><\/i>\r\n\t\t\t\t\t\t\t\t\t\t\t\t\t\t\t\t\t\t\t\t<\/div>\r\n\t\t\t\t\t\t\t\t\t\t\t\t\t\t\t\t\t\t<div class=\"counter-info\">\r\n\t\t\t\t\t\t\t\t\t\t<div class=\"counter-item\">\r\n\t\t\t\t\t\t\t\t\t\t\t\t\t\t\t\t\t\t\t\t\t\t\t<h2 class=\"counter\" >50<\/h2>\r\n\t\t\t\t\t\t\t\t\t\t\t\t\t\t\t\t\t\t\t\t\t\t\t\t\t\t\t\t\t\t\t\t\t\t<span>+<\/span>\r\n\t\t\t\t\t\t\t\t\t\t\t\t\t\t\t\t\t\t\t\t\t<\/div>\r\n\t\t\t\t\t\t\t\t\t\t\t\t\t\t\t\t\t\t\t\t\t<span >Plazas &amp; Edificios<\/span>\r\n\t\t\t\t\t\t\t\t\t\t\t\t\t\t\t\t\t\t\t<\/div>\r\n\t\t\t\t\t\t\t\t\t<a href=\"\" class=\"complete_link\"><\/a>\r\n\t\t\t\t\t\t\t\t<\/div><!--counter-dv end-->\r\n\t\t\t\t\t\t\t<\/div>\r\n\t\t            \t\t\t            \t\t<div class=\"col-lg-3 col-md-6 col-sm-6 col-6 full_wdth\">\r\n\t\t\t\t\t\t\t\t<div class=\"counter-dv \">\r\n\t\t\t\t\t\t\t\t\t\t\t\t\t\t\t\t\t\t\t<div class=\"ico font\">\r\n\t\t\t\t\t\t\t\t\t\t\t\t\t\t\t\t\t\t\t\t\t<i class=\"fas fa-hotel\"><\/i>\r\n\t\t\t\t\t\t\t\t\t\t\t\t\t\t\t\t\t\t\t\t<\/div>\r\n\t\t\t\t\t\t\t\t\t\t\t\t\t\t\t\t\t\t<div class=\"counter-info\">\r\n\t\t\t\t\t\t\t\t\t\t<div class=\"counter-item\">\r\n\t\t\t\t\t\t\t\t\t\t\t\t\t\t\t\t\t\t\t\t\t\t\t<h2 class=\"counter\" >13<\/h2>\r\n\t\t\t\t\t\t\t\t\t\t\t\t\t\t\t\t\t\t\t\t\t\t\t\t\t\t\t\t\t\t\t\t\t\t<span>+<\/span>\r\n\t\t\t\t\t\t\t\t\t\t\t\t\t\t\t\t\t\t\t\t\t<\/div>\r\n\t\t\t\t\t\t\t\t\t\t\t\t\t\t\t\t\t\t\t\t\t<span >Espacios Comerciales<\/span>\r\n\t\t\t\t\t\t\t\t\t\t\t\t\t\t\t\t\t\t\t<\/div>\r\n\t\t\t\t\t\t\t\t\t<a href=\"\" class=\"complete_link\"><\/a>\r\n\t\t\t\t\t\t\t\t<\/div><!--counter-dv end-->\r\n\t\t\t\t\t\t\t<\/div>\r\n\t\t            \t\t\t            \t\t<div class=\"col-lg-3 col-md-6 col-sm-6 col-6 full_wdth\">\r\n\t\t\t\t\t\t\t\t<div class=\"counter-dv \">\r\n\t\t\t\t\t\t\t\t\t\t\t\t\t\t\t\t\t\t\t<div class=\"ico font\">\r\n\t\t\t\t\t\t\t\t\t\t\t\t\t\t\t\t\t\t\t\t\t<i class=\"fas fa-user-shield\"><\/i>\r\n\t\t\t\t\t\t\t\t\t\t\t\t\t\t\t\t\t\t\t\t<\/div>\r\n\t\t\t\t\t\t\t\t\t\t\t\t\t\t\t\t\t\t<div class=\"counter-info\">\r\n\t\t\t\t\t\t\t\t\t\t<div class=\"counter-item\">\r\n\t\t\t\t\t\t\t\t\t\t\t\t\t\t\t\t\t\t\t\t\t\t\t<h2 class=\"counter\" >10<\/h2>\r\n\t\t\t\t\t\t\t\t\t\t\t\t\t\t\t\t\t\t\t\t\t\t\t\t\t\t\t\t\t\t\t\t\t\t<span>+<\/span>\r\n\t\t\t\t\t\t\t\t\t\t\t\t\t\t\t\t\t\t\t\t\t<\/div>\r\n\t\t\t\t\t\t\t\t\t\t\t\t\t\t\t\t\t\t\t\t\t<span >A\u00f1os en el negocio<\/span>\r\n\t\t\t\t\t\t\t\t\t\t\t\t\t\t\t\t\t\t\t<\/div>\r\n\t\t\t\t\t\t\t\t\t<a href=\"\" class=\"complete_link\"><\/a>\r\n\t\t\t\t\t\t\t\t<\/div><!--counter-dv end-->\r\n\t\t\t\t\t\t\t<\/div>\r\n\t\t            \t\t\t\t\t\t\t\t\t\t<\/div>\r\n\t\t\t<\/div>\r\n\t\t<\/section>\r\n\t\t\t<\/div>\n\t\t\t\t<\/div>\n\t\t\t\t\t<\/div>\n\t\t<\/div>\n\t\t\t\t\t\t\t<\/div>\n\t\t<\/section>\n\t\t\t\t<section class=\"elementor-section elementor-top-section elementor-element elementor-element-d4be0a1 elementor-section-full_width elementor-section-height-default elementor-section-height-default\" data-id=\"d4be0a1\" data-element_type=\"section\">\n\t\t\t\t\t\t<div class=\"elementor-container elementor-column-gap-no\">\n\t\t\t\t\t<div class=\"elementor-column elementor-col-100 elementor-top-column elementor-element elementor-element-5d331db\" data-id=\"5d331db\" data-element_type=\"column\">\n\t\t\t<div class=\"elementor-widget-wrap elementor-element-populated\">\n\t\t\t\t\t\t\t\t<div class=\"elementor-element elementor-element-9b57222 elementor-widget elementor-widget-serity-vision\" data-id=\"9b57222\" data-element_type=\"widget\" data-widget_type=\"serity-vision.default\">\n\t\t\t\t<div class=\"elementor-widget-container\">\n\t\t\t\n\t\t<section class=\"about-block\">\n\t        <div class=\"container\">\n\t        \t<div class=\"about-block-details\">\n\t        \t\t<div class=\"row\">\n\t\t\t\t\t\t<div class=\"col-lg-6\">\n\t\t\t\t\t\t\t<div class=\"para-o\">\n\t\t\t\t\t\t\t\t\t\t\t\t\t\t\t\t\t<div class=\"sec-title ta-left\">\n\t\t\t\t\t\t\t\t\t\t<h2 >Misi\u00f3n<\/h2>\n\t\t\t\t\t\t\t\t\t<\/div>\n\t\t\t\t\t\t\t\t\t\t\t\t\t\t\t\t\t\t\t\t\t\t\t\t\t<div ><p>En Vimansa, nuestra misi\u00f3n es proporcionar a hogares y empresas servicios y soluciones avanzadas en seguridad, inform\u00e1tica y automatizaci\u00f3n. Nos comprometemos a proteger lo que m\u00e1s importa y mejorar la calidad de vida de nuestros clientes mediante la innovaci\u00f3n y la personalizaci\u00f3n<\/p><\/div>\n\t\t\t\t\t\t\t\t\t\t\t\t\t\t\t\t\t\t\t\t\t\t\t\t\t\t\t\t\t\t\t\t\t\t\t<h3 >Nuestros resultados se destacan por lo siguiente:<\/h3>\n\t\t\t\t\t\t\t\t\t\t\t\t\t\t\t\t\t\t\t\t\t\t\t\t\t\t\t<ul class=\"ft-lzt\">\n\t\t\t\t\t\t\t\t\t\t<li>Protecci\u00f3n Efectiva<\/li><li>Comodidad y Eficiencia<\/li><li>Conectividad Confiable<\/li><li>Soporte Continuo<\/li><li>Ahorro de Tiempo y Energ\u00eda<\/li>\t\t\t\t\t\t\t\t\t<\/ul>\n\t\t\t\t\t\t\t\t\t\t\t\t\t\t\t<\/div>\n\t\t\t\t\t\t<\/div>\n\t\t\t\t\t\t<div class=\"col-lg-6\">\n\t\t\t\t\t\t\t<div class=\"para-o\">\n\t\t\t\t\t\t\t\t\t\t\t\t\t\t\t\t\t<div class=\"sec-title ta-left\">\n\t\t\t\t\t\t\t\t\t\t<h2 >Visi\u00f3n<\/h2>\n\t\t\t\t\t\t\t\t\t<\/div>\n\t\t\t\t\t\t\t\t\t\t\t\t\t\t\t\t\t\t\t\t\t\t\t\t\t<div ><p>Ser l\u00edderes en soluciones integrales de seguridad, inform\u00e1tica y automatizaci\u00f3n, brindando tranquilidad y comodidad a nuestros clientes, y marcando el est\u00e1ndar de excelencia en el sector<\/p><\/div>\n\t\t\t\t\t\t\t\t\t\t\t\t\t\t\t\t\t\t\t\t\t\t\t\t\t\t\t\t\t\t\t\t\t\t\t<h3 >Como nos proyectamos con nuestros clientes:<\/h3>\n\t\t\t\t\t\t\t\t\t\t\t\t\t\t\t\t\t\t\t\t\t\t\t\t\t\t\t<ul class=\"ft-lzt\">\n\t\t\t\t\t\t\t\t\t\t<li>Liderazgo Tecnol\u00f3gico<\/li><li>Excelencia en el Servicio<\/li><li>Comodidad<\/li><li>Confianza a Largo Plazo<\/li>\t\t\t\t\t\t\t\t\t<\/ul>\n\t\t\t\t\t\t\t\t\t\t\t\t\t\t\t<\/div>\n\t\t\t\t\t\t<\/div>\n\t\t\t\t\t<\/div>\n\t\t\t\t<\/div>\n\t\t\t<\/div>\n\t\t<\/section>\n\t\t\t<\/div>\n\t\t\t\t<\/div>\n\t\t\t\t\t<\/div>\n\t\t<\/div>\n\t\t\t\t\t\t\t<\/div>\n\t\t<\/section>\n\t\t\t\t<section class=\"elementor-section elementor-top-section elementor-element elementor-element-d2fa962 elementor-section-stretched elementor-section-full_width elementor-section-height-default elementor-section-height-default\" data-id=\"d2fa962\" data-element_type=\"section\" data-settings=\"{&quot;stretch_section&quot;:&quot;section-stretched&quot;}\">\n\t\t\t\t\t\t<div class=\"elementor-container elementor-column-gap-no\">\n\t\t\t\t\t<div class=\"elementor-column elementor-col-100 elementor-top-column elementor-element elementor-element-8171f0f\" data-id=\"8171f0f\" data-element_type=\"column\">\n\t\t\t<div class=\"elementor-widget-wrap elementor-element-populated\">\n\t\t\t\t\t\t\t\t<div class=\"elementor-element elementor-element-eec75f7 elementor-widget elementor-widget-serity-cta\" data-id=\"eec75f7\" data-element_type=\"widget\" data-widget_type=\"serity-cta.default\">\n\t\t\t\t<div class=\"elementor-widget-container\">\n\t\t\t\t\t\t<section class=\"sbs-section\">\r\n\t\t\t\t<div class=\"container\">\r\n\t\t\t\t\t<div class=\"sbs-content\">\r\n\t\t\t\t\t\t<div class=\"sbs-max\">\r\n\t\t\t\t\t\t\t\t\t\t\t\t\t\t\t<span >\u00bfTIENES ALGUNA IDEA EN MENTE?<\/span>\r\n\t\t\t\t\t\t\t\t\t\t\t\t\t\t\t\t\t\t\t\t\t\t<h2 >OFRECEMOS SISTEMAS DE SEGURIDAD L\u00cdDERES<\/h2>\r\n\t\t\t\t\t\t\t\t\t\t\t\t\t\t\t\t\t\t\t\t\t\t<a class=\"lnk-default\" href=\"https:\/\/vimansa.com.do\/index.php\/contacto\/\" >Cotizar Ahora<\/a>\r\n\t\t\t\t\t\t\t\t\t\t\t\t\t<\/div>\r\n\t\t\t\t\t<\/div><!--sbs-content end-->\r\n\t\t\t\t<\/div>\r\n\t\t\t<\/section>\r\n\t\t\t\t<\/div>\n\t\t\t\t<\/div>\n\t\t\t\t\t<\/div>\n\t\t<\/div>\n\t\t\t\t\t\t\t<\/div>\n\t\t<\/section>\n\t\t\t\t<section class=\"elementor-section elementor-top-section elementor-element elementor-element-9d1dcda elementor-section-stretched elementor-section-full_width elementor-section-height-default elementor-section-height-default\" data-id=\"9d1dcda\" data-element_type=\"section\" data-settings=\"{&quot;stretch_section&quot;:&quot;section-stretched&quot;}\">\n\t\t\t\t\t\t<div class=\"elementor-container elementor-column-gap-no\">\n\t\t\t\t\t<div class=\"elementor-column elementor-col-100 elementor-top-column elementor-element elementor-element-08a63b9\" data-id=\"08a63b9\" data-element_type=\"column\">\n\t\t\t<div class=\"elementor-widget-wrap elementor-element-populated\">\n\t\t\t\t\t\t\t\t<div class=\"elementor-element elementor-element-01881b2 elementor-widget elementor-widget-serity-inquiry-form\" data-id=\"01881b2\" data-element_type=\"widget\" data-widget_type=\"serity-inquiry-form.default\">\n\t\t\t\t<div class=\"elementor-widget-container\">\n\t\t\t            <section class=\"sys-system-section\">\n            \t<div class=\"container\">\n            \t\t<div class=\"sys-row\">\n            \t\t\t<div class=\"row\">\n            \t\t\t\t<div class=\"col-lg-4\">\n\t\t            \t\t\t\t\t\t            \t\t\t<div class=\"sec-title white ta-left\">\n\t\t\t            \t\t\t\t\t\t\t            \t\t\t\t\t<span >OBT\u00c9N UNA EVALUACI\u00d3N GRATUITA<\/span>\n\t\t\t            \t\t\t\t\t\t\t            \t\t\t\t<h2 >Consulta Para Sistema De Seguridad<\/h2>\n\t\t\t            \t\t\t<\/div>\n\t\t\t            \t\t\t\t\t            \t\t\t\t\t            \t\t\t<div class=\"sec-content\"><p>Por favor, complete el formulario de reserva y muy pronto nos pondremos en contacto con usted para programar una cita<\/p>\n<\/div>\n\t\t\t            \t\t\t\t\t            \t<\/div>\n\t\t\t            \t<div class=\"col-lg-8\" id=\"contact\">\n\t\t\t\t                \n<div class=\"wpcf7 no-js\" id=\"wpcf7-f1862-o1\" lang=\"en-US\" dir=\"ltr\">\n<div class=\"screen-reader-response\"><p role=\"status\" aria-live=\"polite\" aria-atomic=\"true\"><\/p> <ul><\/ul><\/div>\n<form action=\"\/index.php\/wp-json\/wp\/v2\/pages\/2120#wpcf7-f1862-o1\" method=\"post\" class=\"wpcf7-form init\" aria-label=\"Contact form\" novalidate=\"novalidate\" data-status=\"init\">\n<div style=\"display: none;\">\n<input type=\"hidden\" name=\"_wpcf7\" value=\"1862\" \/>\n<input type=\"hidden\" name=\"_wpcf7_version\" value=\"5.8.2\" \/>\n<input type=\"hidden\" name=\"_wpcf7_locale\" value=\"en_US\" \/>\n<input type=\"hidden\" name=\"_wpcf7_unit_tag\" value=\"wpcf7-f1862-o1\" \/>\n<input type=\"hidden\" name=\"_wpcf7_container_post\" value=\"0\" \/>\n<input type=\"hidden\" name=\"_wpcf7_posted_data_hash\" value=\"\" \/>\n<\/div>\n<div class=\"contact-form\">\n\t<div class=\"form-group no-pt\">\n\t\t<div class=\"wpcf7-response-output\" aria-hidden=\"true\"><\/div>\n\t<\/div>\n\t<div class=\"row\">\n\t\t<div class=\"col-lg-4 col-md-6 col-sm-6 col-12\">\n\t\t\t<div class=\"form-field\">\n\t\t\t\t<span class=\"wpcf7-form-control-wrap\" data-name=\"your-name\"><input size=\"40\" class=\"wpcf7-form-control wpcf7-text wpcf7-validates-as-required\" aria-required=\"true\" aria-invalid=\"false\" placeholder=\"Nombre\" value=\"\" type=\"text\" name=\"your-name\" \/><\/span>\n\t\t\t<\/div>\n\t\t<\/div>\n\t\t<div class=\"col-lg-4 col-md-6 col-sm-6 col-12\">\n\t\t\t<div class=\"form-field\">\n\t\t\t\t<span class=\"wpcf7-form-control-wrap\" data-name=\"email\"><input size=\"40\" class=\"wpcf7-form-control wpcf7-email wpcf7-validates-as-required wpcf7-text wpcf7-validates-as-email\" aria-required=\"true\" aria-invalid=\"false\" placeholder=\"E-mail\" value=\"\" type=\"email\" name=\"email\" \/><\/span>\n\t\t\t<\/div>\n\t\t<\/div>\n\t\t<div class=\"col-lg-4 col-md-6 col-sm-6 col-12\">\n\t\t\t<div class=\"form-field\">\n\t\t\t\t<span class=\"wpcf7-form-control-wrap\" data-name=\"phone\"><input size=\"40\" class=\"wpcf7-form-control wpcf7-tel wpcf7-text wpcf7-validates-as-tel\" aria-invalid=\"false\" placeholder=\"Tel\u00e9fono\" value=\"\" type=\"tel\" name=\"phone\" \/><\/span>\n\t\t\t<\/div>\n\t\t<\/div>\n\t\t<div class=\"col-lg-4 col-md-6 col-sm-6 col-12\">\n\t\t\t<div class=\"form-field\">\n\t\t\t\t<span class=\"wpcf7-form-control-wrap\" data-name=\"Address\"><input size=\"40\" class=\"wpcf7-form-control wpcf7-text\" aria-invalid=\"false\" placeholder=\"Direcci\u00f3n\" value=\"\" type=\"text\" name=\"Address\" \/><\/span>\n\t\t\t<\/div>\n\t\t<\/div>\n\t\t<div class=\"col-lg-4 col-md-6 col-sm-6 col-12\">\n\t\t\t<div class=\"form-field\">\n\t\t\t\t<span class=\"wpcf7-form-control-wrap\" data-name=\"cameras\"><input size=\"40\" class=\"wpcf7-form-control wpcf7-text\" aria-invalid=\"false\" placeholder=\"No. de Camaras\" value=\"\" type=\"text\" name=\"cameras\" \/><\/span>\n\t\t\t<\/div>\n\t\t<\/div>\n\t\t<div class=\"col-lg-4 col-md-6 col-sm-6 col-12\">\n\t\t\t<div class=\"form-field\">\n\t\t\t\t<span class=\"wpcf7-form-control-wrap\" data-name=\"size\"><input size=\"40\" class=\"wpcf7-form-control wpcf7-text\" aria-invalid=\"false\" placeholder=\"Tama\u00f1o del hogar\" value=\"\" type=\"text\" name=\"size\" \/><\/span>\n\t\t\t<\/div>\n\t\t<\/div>\n\t\t<div class=\"col-lg-12\">\n\t\t\t<div class=\"form-field\">\n\t\t\t\t<span class=\"wpcf7-form-control-wrap\" data-name=\"message\"><textarea cols=\"40\" rows=\"10\" class=\"wpcf7-form-control wpcf7-textarea\" aria-invalid=\"false\" placeholder=\"Mensaje\" name=\"message\"><\/textarea><\/span>\n\t\t\t<\/div>\n\t\t<\/div>\n\t\t<div class=\"col-lg-12\">\n\t\t\t<div class=\"form-field\">\n\t\t\t\t<div class=\"form-submission\">\n\t\t\t\t\t<div class=\"form-submit\">\n\t\t\t\t\t\t<input class=\"wpcf7-form-control wpcf7-submit has-spinner lnk-default submit\" type=\"submit\" value=\"Enviar Ahora\" \/>\n\t\t\t\t\t<\/div>\n\t\t\t\t<\/div>\n\t\t\t<\/div>\n\t\t<\/div>\n\t<\/div>\n<\/div>\n<\/form>\n<\/div>\n\t\t\t\t            <\/div>\n\t\t\t            <\/div>\n\t\t            <\/div>\n\t            <\/div>\n            <\/section>\n\n        \t\t<\/div>\n\t\t\t\t<\/div>\n\t\t\t\t\t<\/div>\n\t\t<\/div>\n\t\t\t\t\t\t\t<\/div>\n\t\t<\/section>\n\t\t\t\t\t\t\t<\/div>\n\t\t","protected":false},"excerpt":{"rendered":"<p>M\u00e1s informaci\u00f3n sobre nosotros Descubre qui\u00e9nes somos y qu\u00e9 nos motiva a hacer la diferencia en el mundo En Vimansa, nos dedicamos a brindar soluciones integrales en seguridad,imformatica y automatizaci\u00f3n para tu hogar o empresa, no solo ofrecemosproductos y servicios,sino que nos comprometemos a proporcionar soluciones. Servicio de CCTV Motores de Corredera Para Puertas Instalacion [&hellip;]<\/p>\n","protected":false},"author":1,"featured_media":0,"parent":0,"menu_order":0,"comment_status":"closed","ping_status":"closed","template":"content-no-sidebar.php","meta":{"inline_featured_image":false,"_monsterinsights_skip_tracking":false,"_monsterinsights_sitenote_active":false,"_monsterinsights_sitenote_note":"","_monsterinsights_sitenote_category":0,"footnotes":""},"aioseo_notices":[],"_links":{"self":[{"href":"https:\/\/vimansa.com.do\/index.php\/wp-json\/wp\/v2\/pages\/2120"}],"collection":[{"href":"https:\/\/vimansa.com.do\/index.php\/wp-json\/wp\/v2\/pages"}],"about":[{"href":"https:\/\/vimansa.com.do\/index.php\/wp-json\/wp\/v2\/types\/page"}],"author":[{"embeddable":true,"href":"https:\/\/vimansa.com.do\/index.php\/wp-json\/wp\/v2\/users\/1"}],"replies":[{"embeddable":true,"href":"https:\/\/vimansa.com.do\/index.php\/wp-json\/wp\/v2\/comments?post=2120"}],"version-history":[{"count":30,"href":"https:\/\/vimansa.com.do\/index.php\/wp-json\/wp\/v2\/pages\/2120\/revisions"}],"predecessor-version":[{"id":2991,"href":"https:\/\/vimansa.com.do\/index.php\/wp-json\/wp\/v2\/pages\/2120\/revisions\/2991"}],"wp:attachment":[{"href":"https:\/\/vimansa.com.do\/index.php\/wp-json\/wp\/v2\/media?parent=2120"}],"curies":[{"name":"wp","href":"https:\/\/api.w.org\/{rel}","templated":true}]}}